{"id":12619,"date":"2026-02-27T22:08:13","date_gmt":"2026-02-27T22:08:13","guid":{"rendered":"https:\/\/globepm.frstage.ca\/erables\/"},"modified":"2026-03-13T14:21:57","modified_gmt":"2026-03-13T14:21:57","slug":"erables","status":"publish","type":"page","link":"https:\/\/globepm.frstage.ca\/fr\/winnipeg-apartments\/erables\/","title":{"rendered":"\u00c9rables"},"content":{"rendered":"","protected":false},"excerpt":{"rendered":"<p>\u00c0 l'ouest de West Kildonan, mais \u00e0 l'est du boulevard Brookside, se trouve le quartier des \u00c9rables. Abritant plusieurs \u00e9coles et espaces verts, The Maples est un quartier agr\u00e9able \u00e0 parcourir, proche de toutes les commodit\u00e9s et \u00e0 seulement vingt minutes du centre-ville. Si vous \u00eates \u00e0 la recherche d'un quartier tranquille o\u00f9 votre famille pourra s'\u00e9panouir et grandir dans le confort, les Maples sont peut-\u00eatre l'endroit qu'il vous faut.<\/p>\n","protected":false},"author":1,"featured_media":0,"parent":12647,"menu_order":6,"comment_status":"open","ping_status":"open","template":"","meta":{"_acf_changed":false,"footnotes":""},"search-type":[442],"class_list":["post-12619","page","type-page","status-publish","hentry","search-type-location"],"acf":[],"_links":{"self":[{"href":"https:\/\/globepm.frstage.ca\/fr\/wp-json\/wp\/v2\/pages\/12619","targetHints":{"allow":["GET"]}}],"collection":[{"href":"https:\/\/globepm.frstage.ca\/fr\/wp-json\/wp\/v2\/pages"}],"about":[{"href":"https:\/\/globepm.frstage.ca\/fr\/wp-json\/wp\/v2\/types\/page"}],"author":[{"embeddable":true,"href":"https:\/\/globepm.frstage.ca\/fr\/wp-json\/wp\/v2\/users\/1"}],"replies":[{"embeddable":true,"href":"https:\/\/globepm.frstage.ca\/fr\/wp-json\/wp\/v2\/comments?post=12619"}],"version-history":[{"count":1,"href":"https:\/\/globepm.frstage.ca\/fr\/wp-json\/wp\/v2\/pages\/12619\/revisions"}],"predecessor-version":[{"id":12666,"href":"https:\/\/globepm.frstage.ca\/fr\/wp-json\/wp\/v2\/pages\/12619\/revisions\/12666"}],"up":[{"embeddable":true,"href":"https:\/\/globepm.frstage.ca\/fr\/wp-json\/wp\/v2\/pages\/12647"}],"wp:attachment":[{"href":"https:\/\/globepm.frstage.ca\/fr\/wp-json\/wp\/v2\/media?parent=12619"}],"wp:term":[{"taxonomy":"search-type","embeddable":true,"href":"https:\/\/globepm.frstage.ca\/fr\/wp-json\/wp\/v2\/search-type?post=12619"}],"curies":[{"name":"wp","href":"https:\/\/api.w.org\/{rel}","templated":true}]}}