{"id":12620,"date":"2026-02-27T22:08:13","date_gmt":"2026-02-27T22:08:13","guid":{"rendered":"https:\/\/globepm.frstage.ca\/st-vital\/"},"modified":"2026-03-13T14:21:59","modified_gmt":"2026-03-13T14:21:59","slug":"st-vital","status":"publish","type":"page","link":"https:\/\/globepm.frstage.ca\/fr\/winnipeg-apartments\/st-vital\/","title":{"rendered":"St. Vital"},"content":{"rendered":"","protected":false},"excerpt":{"rendered":"<p>Situ\u00e9 dans le centre-sud de Winnipeg, St. Vital est un quartier connu pour ses parcs, ses sites historiques, son influence culturelle fran\u00e7aise et son secteur commercial florissant. Vital Centre, l'un des plus grands centres commerciaux de Winnipeg, le parc St. Vital et le lieu historique national de la Maison-Riel (la maison familiale de Louis Riel). Si vous \u00eates \u00e0 la recherche d'une communaut\u00e9 de banlieue spacieuse, enracin\u00e9e dans l'histoire et la culture locales, avec un acc\u00e8s facile aux transports publics et \u00e0 toutes les exp\u00e9riences commerciales que vous pouvez esp\u00e9rer, St Vital est peut-\u00eatre l'endroit qu'il vous faut.<\/p>\n","protected":false},"author":1,"featured_media":0,"parent":12647,"menu_order":9,"comment_status":"open","ping_status":"open","template":"","meta":{"_acf_changed":false,"footnotes":""},"search-type":[442],"class_list":["post-12620","page","type-page","status-publish","hentry","search-type-location"],"acf":[],"_links":{"self":[{"href":"https:\/\/globepm.frstage.ca\/fr\/wp-json\/wp\/v2\/pages\/12620","targetHints":{"allow":["GET"]}}],"collection":[{"href":"https:\/\/globepm.frstage.ca\/fr\/wp-json\/wp\/v2\/pages"}],"about":[{"href":"https:\/\/globepm.frstage.ca\/fr\/wp-json\/wp\/v2\/types\/page"}],"author":[{"embeddable":true,"href":"https:\/\/globepm.frstage.ca\/fr\/wp-json\/wp\/v2\/users\/1"}],"replies":[{"embeddable":true,"href":"https:\/\/globepm.frstage.ca\/fr\/wp-json\/wp\/v2\/comments?post=12620"}],"version-history":[{"count":1,"href":"https:\/\/globepm.frstage.ca\/fr\/wp-json\/wp\/v2\/pages\/12620\/revisions"}],"predecessor-version":[{"id":12669,"href":"https:\/\/globepm.frstage.ca\/fr\/wp-json\/wp\/v2\/pages\/12620\/revisions\/12669"}],"up":[{"embeddable":true,"href":"https:\/\/globepm.frstage.ca\/fr\/wp-json\/wp\/v2\/pages\/12647"}],"wp:attachment":[{"href":"https:\/\/globepm.frstage.ca\/fr\/wp-json\/wp\/v2\/media?parent=12620"}],"wp:term":[{"taxonomy":"search-type","embeddable":true,"href":"https:\/\/globepm.frstage.ca\/fr\/wp-json\/wp\/v2\/search-type?post=12620"}],"curies":[{"name":"wp","href":"https:\/\/api.w.org\/{rel}","templated":true}]}}