{"id":12621,"date":"2026-02-27T22:08:13","date_gmt":"2026-02-27T22:08:13","guid":{"rendered":"https:\/\/globepm.frstage.ca\/fort-rouge\/"},"modified":"2026-03-13T14:21:59","modified_gmt":"2026-03-13T14:21:59","slug":"fort-rouge","status":"publish","type":"page","link":"https:\/\/globepm.frstage.ca\/fr\/winnipeg-apartments\/fort-rouge\/","title":{"rendered":"Fort Rouge"},"content":{"rendered":"","protected":false},"excerpt":{"rendered":"<p>Le quartier de Fort Rouge, situ\u00e9 au centre-sud de Winnipeg, est d\u00e9limit\u00e9 par la rivi\u00e8re Assiniboine au nord, la rivi\u00e8re Rouge \u00e0 l'est et au sud, ainsi que la rue Stafford et la route Pembina \u00e0 l'ouest. Proche de toutes les commodit\u00e9s, y compris les transports en commun, Fort Rouge est \u00e9galement \u00e0 proximit\u00e9 du centre-ville de Saint-Boniface, du village d'Osborne, du parc Assiniboine, et plus encore.<\/p>\n","protected":false},"author":1,"featured_media":0,"parent":12647,"menu_order":10,"comment_status":"open","ping_status":"open","template":"","meta":{"_acf_changed":false,"footnotes":""},"search-type":[442],"class_list":["post-12621","page","type-page","status-publish","hentry","search-type-location"],"acf":[],"_links":{"self":[{"href":"https:\/\/globepm.frstage.ca\/fr\/wp-json\/wp\/v2\/pages\/12621","targetHints":{"allow":["GET"]}}],"collection":[{"href":"https:\/\/globepm.frstage.ca\/fr\/wp-json\/wp\/v2\/pages"}],"about":[{"href":"https:\/\/globepm.frstage.ca\/fr\/wp-json\/wp\/v2\/types\/page"}],"author":[{"embeddable":true,"href":"https:\/\/globepm.frstage.ca\/fr\/wp-json\/wp\/v2\/users\/1"}],"replies":[{"embeddable":true,"href":"https:\/\/globepm.frstage.ca\/fr\/wp-json\/wp\/v2\/comments?post=12621"}],"version-history":[{"count":1,"href":"https:\/\/globepm.frstage.ca\/fr\/wp-json\/wp\/v2\/pages\/12621\/revisions"}],"predecessor-version":[{"id":12670,"href":"https:\/\/globepm.frstage.ca\/fr\/wp-json\/wp\/v2\/pages\/12621\/revisions\/12670"}],"up":[{"embeddable":true,"href":"https:\/\/globepm.frstage.ca\/fr\/wp-json\/wp\/v2\/pages\/12647"}],"wp:attachment":[{"href":"https:\/\/globepm.frstage.ca\/fr\/wp-json\/wp\/v2\/media?parent=12621"}],"wp:term":[{"taxonomy":"search-type","embeddable":true,"href":"https:\/\/globepm.frstage.ca\/fr\/wp-json\/wp\/v2\/search-type?post=12621"}],"curies":[{"name":"wp","href":"https:\/\/api.w.org\/{rel}","templated":true}]}}