{"id":12623,"date":"2026-02-27T22:08:13","date_gmt":"2026-02-27T22:08:13","guid":{"rendered":"https:\/\/globepm.frstage.ca\/riviere-osborne\/"},"modified":"2026-03-13T14:21:58","modified_gmt":"2026-03-13T14:21:58","slug":"riviere-osborne","status":"publish","type":"page","link":"https:\/\/globepm.frstage.ca\/fr\/winnipeg-apartments\/riviere-osborne\/","title":{"rendered":"Rivi\u00e8re Osborne"},"content":{"rendered":"","protected":false},"excerpt":{"rendered":"<p>\u00c0 l'extr\u00e9mit\u00e9 nord de l'un des quartiers les plus branch\u00e9s de Winnipeg se trouve l'intersection embl\u00e9matique de River et Osborne. Juste en face de l'Assembl\u00e9e l\u00e9gislative du Manitoba, c'est l'une des portes d'entr\u00e9e d'Osborne Village. Situ\u00e9 au centre de la ville, Osborne Village est un petit quartier dens\u00e9ment peupl\u00e9 o\u00f9 r\u00e8gne une ambiance artistique et o\u00f9 l'on trouve de nombreux magasins et restaurants \u00e9clectiques. D'une grande diversit\u00e9 architecturale et tr\u00e8s agr\u00e9able \u00e0 parcourir, il attire des personnes de tous \u00e2ges \u00e0 la recherche d'une communaut\u00e9 prosp\u00e8re en permanence.   <\/p>\n","protected":false},"author":1,"featured_media":0,"parent":12647,"menu_order":8,"comment_status":"open","ping_status":"open","template":"","meta":{"_acf_changed":false,"footnotes":""},"search-type":[442],"class_list":["post-12623","page","type-page","status-publish","hentry","search-type-location"],"acf":[],"_links":{"self":[{"href":"https:\/\/globepm.frstage.ca\/fr\/wp-json\/wp\/v2\/pages\/12623","targetHints":{"allow":["GET"]}}],"collection":[{"href":"https:\/\/globepm.frstage.ca\/fr\/wp-json\/wp\/v2\/pages"}],"about":[{"href":"https:\/\/globepm.frstage.ca\/fr\/wp-json\/wp\/v2\/types\/page"}],"author":[{"embeddable":true,"href":"https:\/\/globepm.frstage.ca\/fr\/wp-json\/wp\/v2\/users\/1"}],"replies":[{"embeddable":true,"href":"https:\/\/globepm.frstage.ca\/fr\/wp-json\/wp\/v2\/comments?post=12623"}],"version-history":[{"count":1,"href":"https:\/\/globepm.frstage.ca\/fr\/wp-json\/wp\/v2\/pages\/12623\/revisions"}],"predecessor-version":[{"id":12668,"href":"https:\/\/globepm.frstage.ca\/fr\/wp-json\/wp\/v2\/pages\/12623\/revisions\/12668"}],"up":[{"embeddable":true,"href":"https:\/\/globepm.frstage.ca\/fr\/wp-json\/wp\/v2\/pages\/12647"}],"wp:attachment":[{"href":"https:\/\/globepm.frstage.ca\/fr\/wp-json\/wp\/v2\/media?parent=12623"}],"wp:term":[{"taxonomy":"search-type","embeddable":true,"href":"https:\/\/globepm.frstage.ca\/fr\/wp-json\/wp\/v2\/search-type?post=12623"}],"curies":[{"name":"wp","href":"https:\/\/api.w.org\/{rel}","templated":true}]}}