{"id":12624,"date":"2026-02-27T22:08:13","date_gmt":"2026-02-27T22:08:13","guid":{"rendered":"https:\/\/globepm.frstage.ca\/grant-park\/"},"modified":"2026-03-13T14:21:56","modified_gmt":"2026-03-13T14:21:56","slug":"grant-park","status":"publish","type":"page","link":"https:\/\/globepm.frstage.ca\/fr\/winnipeg-apartments\/grant-park\/","title":{"rendered":"Grant Park"},"content":{"rendered":"","protected":false},"excerpt":{"rendered":"<p>Situ\u00e9 dans le grand quartier de River Heights, le secteur Grant Park de Winnipeg se trouve \u00e0 proximit\u00e9 de presque toutes les commodit\u00e9s que vous pourriez imaginer. Du centre commercial Grant Park \u00e0 la piscine Pan Am, et de la biblioth\u00e8que River Heights aux principaux arr\u00eats de transport en commun, les r\u00e9sidents de Grant Park ont tout \u00e0 port\u00e9e de main. En raison de leur proximit\u00e9 avec tant de commodit\u00e9s, les locations de Grant Park sont souvent tr\u00e8s recherch\u00e9es. Les personnes \u00e2g\u00e9es, les \u00e9tudiants et les familles trouvent que ce quartier est attrayant et pratique.   <\/p>\n","protected":false},"author":1,"featured_media":0,"parent":12647,"menu_order":5,"comment_status":"open","ping_status":"open","template":"","meta":{"_acf_changed":false,"footnotes":""},"search-type":[442],"class_list":["post-12624","page","type-page","status-publish","hentry","search-type-location"],"acf":[],"_links":{"self":[{"href":"https:\/\/globepm.frstage.ca\/fr\/wp-json\/wp\/v2\/pages\/12624","targetHints":{"allow":["GET"]}}],"collection":[{"href":"https:\/\/globepm.frstage.ca\/fr\/wp-json\/wp\/v2\/pages"}],"about":[{"href":"https:\/\/globepm.frstage.ca\/fr\/wp-json\/wp\/v2\/types\/page"}],"author":[{"embeddable":true,"href":"https:\/\/globepm.frstage.ca\/fr\/wp-json\/wp\/v2\/users\/1"}],"replies":[{"embeddable":true,"href":"https:\/\/globepm.frstage.ca\/fr\/wp-json\/wp\/v2\/comments?post=12624"}],"version-history":[{"count":1,"href":"https:\/\/globepm.frstage.ca\/fr\/wp-json\/wp\/v2\/pages\/12624\/revisions"}],"predecessor-version":[{"id":12665,"href":"https:\/\/globepm.frstage.ca\/fr\/wp-json\/wp\/v2\/pages\/12624\/revisions\/12665"}],"up":[{"embeddable":true,"href":"https:\/\/globepm.frstage.ca\/fr\/wp-json\/wp\/v2\/pages\/12647"}],"wp:attachment":[{"href":"https:\/\/globepm.frstage.ca\/fr\/wp-json\/wp\/v2\/media?parent=12624"}],"wp:term":[{"taxonomy":"search-type","embeddable":true,"href":"https:\/\/globepm.frstage.ca\/fr\/wp-json\/wp\/v2\/search-type?post=12624"}],"curies":[{"name":"wp","href":"https:\/\/api.w.org\/{rel}","templated":true}]}}