{"id":12627,"date":"2026-02-27T22:07:59","date_gmt":"2026-02-27T22:07:59","guid":{"rendered":"https:\/\/globepm.frstage.ca\/wolseley\/"},"modified":"2026-03-13T14:21:53","modified_gmt":"2026-03-13T14:21:53","slug":"wolseley","status":"publish","type":"page","link":"https:\/\/globepm.frstage.ca\/fr\/winnipeg-apartments\/wolseley\/","title":{"rendered":"Wolseley"},"content":{"rendered":"","protected":false},"excerpt":{"rendered":"<p>La lumi\u00e8re du soleil filtre \u00e0 travers la canop\u00e9e des grands ormes tandis que vous marchez dans les rues de l'un des quartiers r\u00e9sidentiels les plus appr\u00e9ci\u00e9s et les plus riches en histoire de Winnipeg. D\u00e9gustez quelques-uns des meilleurs plats de Winnipeg \u00e0 Tall Grass Prairie et De Luca's, et faites de longues promenades dans les nombreux parcs de la r\u00e9gion. Vous aurez peut-\u00eatre mal au bras \u00e0 force de saluer les gens dans les rues ; les habitants de Wolseley sont r\u00e9put\u00e9s pour leur amabilit\u00e9 et leur sens de la communaut\u00e9 !<\/p>\n","protected":false},"author":1,"featured_media":0,"parent":12647,"menu_order":26,"comment_status":"open","ping_status":"open","template":"","meta":{"_acf_changed":false,"footnotes":""},"search-type":[442],"class_list":["post-12627","page","type-page","status-publish","hentry","search-type-location"],"acf":[],"_links":{"self":[{"href":"https:\/\/globepm.frstage.ca\/fr\/wp-json\/wp\/v2\/pages\/12627","targetHints":{"allow":["GET"]}}],"collection":[{"href":"https:\/\/globepm.frstage.ca\/fr\/wp-json\/wp\/v2\/pages"}],"about":[{"href":"https:\/\/globepm.frstage.ca\/fr\/wp-json\/wp\/v2\/types\/page"}],"author":[{"embeddable":true,"href":"https:\/\/globepm.frstage.ca\/fr\/wp-json\/wp\/v2\/users\/1"}],"replies":[{"embeddable":true,"href":"https:\/\/globepm.frstage.ca\/fr\/wp-json\/wp\/v2\/comments?post=12627"}],"version-history":[{"count":1,"href":"https:\/\/globepm.frstage.ca\/fr\/wp-json\/wp\/v2\/pages\/12627\/revisions"}],"predecessor-version":[{"id":12659,"href":"https:\/\/globepm.frstage.ca\/fr\/wp-json\/wp\/v2\/pages\/12627\/revisions\/12659"}],"up":[{"embeddable":true,"href":"https:\/\/globepm.frstage.ca\/fr\/wp-json\/wp\/v2\/pages\/12647"}],"wp:attachment":[{"href":"https:\/\/globepm.frstage.ca\/fr\/wp-json\/wp\/v2\/media?parent=12627"}],"wp:term":[{"taxonomy":"search-type","embeddable":true,"href":"https:\/\/globepm.frstage.ca\/fr\/wp-json\/wp\/v2\/search-type?post=12627"}],"curies":[{"name":"wp","href":"https:\/\/api.w.org\/{rel}","templated":true}]}}