{"id":12629,"date":"2026-02-27T22:07:59","date_gmt":"2026-02-27T22:07:59","guid":{"rendered":"https:\/\/globepm.frstage.ca\/village-dosborne\/"},"modified":"2026-03-13T14:21:52","modified_gmt":"2026-03-13T14:21:52","slug":"village-dosborne","status":"publish","type":"page","link":"https:\/\/globepm.frstage.ca\/fr\/winnipeg-apartments\/village-dosborne\/","title":{"rendered":"Village d'Osborne"},"content":{"rendered":"","protected":false},"excerpt":{"rendered":"<p>X devrait marquer l'emplacement de ce quartier \u00e9tonnant sur votre carte. Vous adorerez les images, les sons et les odeurs de l'un des quartiers les plus branch\u00e9s du pays. Za \u00e0 1 heure du matin ? Vous serez bien servi par Little Pizza Heaven. Vous avez envie d'un des meilleurs g\u00e2teaux au fromage du Canada ? Pourquoi ne pas vous arr\u00eater chez Baked Expectations ? De nouveaux restaurants, bars et clubs apparaissent en permanence dans le quartier, \u00e0 quelques pas des magnifiques appartements que vous pouvez habiter.      <\/p>\n","protected":false},"author":1,"featured_media":0,"parent":12647,"menu_order":25,"comment_status":"open","ping_status":"open","template":"","meta":{"_acf_changed":false,"footnotes":""},"search-type":[442],"class_list":["post-12629","page","type-page","status-publish","hentry","search-type-location"],"acf":[],"_links":{"self":[{"href":"https:\/\/globepm.frstage.ca\/fr\/wp-json\/wp\/v2\/pages\/12629","targetHints":{"allow":["GET"]}}],"collection":[{"href":"https:\/\/globepm.frstage.ca\/fr\/wp-json\/wp\/v2\/pages"}],"about":[{"href":"https:\/\/globepm.frstage.ca\/fr\/wp-json\/wp\/v2\/types\/page"}],"author":[{"embeddable":true,"href":"https:\/\/globepm.frstage.ca\/fr\/wp-json\/wp\/v2\/users\/1"}],"replies":[{"embeddable":true,"href":"https:\/\/globepm.frstage.ca\/fr\/wp-json\/wp\/v2\/comments?post=12629"}],"version-history":[{"count":1,"href":"https:\/\/globepm.frstage.ca\/fr\/wp-json\/wp\/v2\/pages\/12629\/revisions"}],"predecessor-version":[{"id":12658,"href":"https:\/\/globepm.frstage.ca\/fr\/wp-json\/wp\/v2\/pages\/12629\/revisions\/12658"}],"up":[{"embeddable":true,"href":"https:\/\/globepm.frstage.ca\/fr\/wp-json\/wp\/v2\/pages\/12647"}],"wp:attachment":[{"href":"https:\/\/globepm.frstage.ca\/fr\/wp-json\/wp\/v2\/media?parent=12629"}],"wp:term":[{"taxonomy":"search-type","embeddable":true,"href":"https:\/\/globepm.frstage.ca\/fr\/wp-json\/wp\/v2\/search-type?post=12629"}],"curies":[{"name":"wp","href":"https:\/\/api.w.org\/{rel}","templated":true}]}}