{"id":12631,"date":"2026-02-27T22:07:59","date_gmt":"2026-02-27T22:07:59","guid":{"rendered":"https:\/\/globepm.frstage.ca\/transcona\/"},"modified":"2026-03-13T14:21:52","modified_gmt":"2026-03-13T14:21:52","slug":"transcona","status":"publish","type":"page","link":"https:\/\/globepm.frstage.ca\/fr\/winnipeg-apartments\/transcona\/","title":{"rendered":"Transcona"},"content":{"rendered":"","protected":false},"excerpt":{"rendered":"<p>Transcona a connu une renaissance ces derni\u00e8res ann\u00e9es, avec l'apparition de nouveaux restaurants incroyables comme GaiJin Izakaya et le classique Five Guys. Transcona, qui \u00e9tait autrefois une ville distincte de Winnipeg, a conserv\u00e9 son aspect de ville dans la ville et son ambiance de voisinage. La vari\u00e9t\u00e9 est l'\u00e9pice de la vie, et Transcona a tout ce qu'il faut, des rues de banlieue paisibles \u00e0 un large \u00e9ventail de vie nocturne. De merveilleuses exp\u00e9riences vous attendent dans ce quartier o\u00f9 il fait bon vivre.   <\/p>\n","protected":false},"author":1,"featured_media":0,"parent":12647,"menu_order":24,"comment_status":"closed","ping_status":"closed","template":"","meta":{"_acf_changed":false,"footnotes":""},"search-type":[442],"class_list":["post-12631","page","type-page","status-publish","hentry","search-type-location"],"acf":[],"_links":{"self":[{"href":"https:\/\/globepm.frstage.ca\/fr\/wp-json\/wp\/v2\/pages\/12631","targetHints":{"allow":["GET"]}}],"collection":[{"href":"https:\/\/globepm.frstage.ca\/fr\/wp-json\/wp\/v2\/pages"}],"about":[{"href":"https:\/\/globepm.frstage.ca\/fr\/wp-json\/wp\/v2\/types\/page"}],"author":[{"embeddable":true,"href":"https:\/\/globepm.frstage.ca\/fr\/wp-json\/wp\/v2\/users\/1"}],"replies":[{"embeddable":true,"href":"https:\/\/globepm.frstage.ca\/fr\/wp-json\/wp\/v2\/comments?post=12631"}],"version-history":[{"count":1,"href":"https:\/\/globepm.frstage.ca\/fr\/wp-json\/wp\/v2\/pages\/12631\/revisions"}],"predecessor-version":[{"id":12657,"href":"https:\/\/globepm.frstage.ca\/fr\/wp-json\/wp\/v2\/pages\/12631\/revisions\/12657"}],"up":[{"embeddable":true,"href":"https:\/\/globepm.frstage.ca\/fr\/wp-json\/wp\/v2\/pages\/12647"}],"wp:attachment":[{"href":"https:\/\/globepm.frstage.ca\/fr\/wp-json\/wp\/v2\/media?parent=12631"}],"wp:term":[{"taxonomy":"search-type","embeddable":true,"href":"https:\/\/globepm.frstage.ca\/fr\/wp-json\/wp\/v2\/search-type?post=12631"}],"curies":[{"name":"wp","href":"https:\/\/api.w.org\/{rel}","templated":true}]}}