{"id":12633,"date":"2026-02-27T22:07:59","date_gmt":"2026-02-27T22:07:59","guid":{"rendered":"https:\/\/globepm.frstage.ca\/saint-boniface\/"},"modified":"2026-03-13T14:21:52","modified_gmt":"2026-03-13T14:21:52","slug":"saint-boniface","status":"publish","type":"page","link":"https:\/\/globepm.frstage.ca\/fr\/winnipeg-apartments\/saint-boniface\/","title":{"rendered":"Saint-Boniface"},"content":{"rendered":"","protected":false},"excerpt":{"rendered":"<p>Boniface\/Saint-Boniface est le quartier fran\u00e7ais historique de Winnipeg. Vous pouvez appr\u00e9cier l'histoire du quartier en voyant les noms des rues et en observant les entreprises qui bordent le boulevard Provencher. L'ancien h\u00f4tel de ville de Saint-Boniface est toujours l\u00e0, t\u00e9moignage de l'\u00e9poque o\u00f9 le quartier \u00e9tait sa propre ville avant la fusion.    <\/p>\n","protected":false},"author":1,"featured_media":0,"parent":12647,"menu_order":23,"comment_status":"open","ping_status":"open","template":"","meta":{"_acf_changed":false,"footnotes":""},"search-type":[442],"class_list":["post-12633","page","type-page","status-publish","hentry","search-type-location"],"acf":[],"_links":{"self":[{"href":"https:\/\/globepm.frstage.ca\/fr\/wp-json\/wp\/v2\/pages\/12633","targetHints":{"allow":["GET"]}}],"collection":[{"href":"https:\/\/globepm.frstage.ca\/fr\/wp-json\/wp\/v2\/pages"}],"about":[{"href":"https:\/\/globepm.frstage.ca\/fr\/wp-json\/wp\/v2\/types\/page"}],"author":[{"embeddable":true,"href":"https:\/\/globepm.frstage.ca\/fr\/wp-json\/wp\/v2\/users\/1"}],"replies":[{"embeddable":true,"href":"https:\/\/globepm.frstage.ca\/fr\/wp-json\/wp\/v2\/comments?post=12633"}],"version-history":[{"count":1,"href":"https:\/\/globepm.frstage.ca\/fr\/wp-json\/wp\/v2\/pages\/12633\/revisions"}],"predecessor-version":[{"id":12656,"href":"https:\/\/globepm.frstage.ca\/fr\/wp-json\/wp\/v2\/pages\/12633\/revisions\/12656"}],"up":[{"embeddable":true,"href":"https:\/\/globepm.frstage.ca\/fr\/wp-json\/wp\/v2\/pages\/12647"}],"wp:attachment":[{"href":"https:\/\/globepm.frstage.ca\/fr\/wp-json\/wp\/v2\/media?parent=12633"}],"wp:term":[{"taxonomy":"search-type","embeddable":true,"href":"https:\/\/globepm.frstage.ca\/fr\/wp-json\/wp\/v2\/search-type?post=12633"}],"curies":[{"name":"wp","href":"https:\/\/api.w.org\/{rel}","templated":true}]}}