{"id":12635,"date":"2026-02-27T22:07:59","date_gmt":"2026-02-27T22:07:59","guid":{"rendered":"https:\/\/globepm.frstage.ca\/centre-ville-de-winnipeg\/"},"modified":"2026-03-13T14:21:51","modified_gmt":"2026-03-13T14:21:51","slug":"centre-ville-de-winnipeg","status":"publish","type":"page","link":"https:\/\/globepm.frstage.ca\/fr\/winnipeg-apartments\/centre-ville-de-winnipeg\/","title":{"rendered":"Centre-ville de Winnipeg"},"content":{"rendered":"","protected":false},"excerpt":{"rendered":"<p>Restez au c\u0153ur de l'action en vous installant dans le centre-ville, au c\u0153ur de Heart of the Continent. Vivre ici comporte toutes sortes d'avantages ; vous serez s\u00e9duit par la beaut\u00e9 de La Fourche et vous aimerez vous attarder pendant des heures dans les nombreux magasins et restaurants du quartier de la Bourse. Bon nombre des entreprises les mieux \u00e9tablies de Winnipeg se trouvent \u00e0 l'angle des rues Portage et Main, et il y a de nombreux endroits magnifiques o\u00f9 vivre \u00e0 proximit\u00e9. La brasserie Nonsuch, le King's Head Pub, le Red River College, le quartier chinois et bien d'autres encore se trouvent \u00e0 proximit\u00e9 du quartier de la Bourse, connu pour son architecture \u00e9poustouflante de style chicago et Beaux-Arts du d\u00e9but du si\u00e8cle.   <\/p>\n","protected":false},"author":1,"featured_media":0,"parent":12647,"menu_order":22,"comment_status":"closed","ping_status":"closed","template":"","meta":{"_acf_changed":false,"footnotes":""},"search-type":[442],"class_list":["post-12635","page","type-page","status-publish","hentry","search-type-location"],"acf":[],"_links":{"self":[{"href":"https:\/\/globepm.frstage.ca\/fr\/wp-json\/wp\/v2\/pages\/12635","targetHints":{"allow":["GET"]}}],"collection":[{"href":"https:\/\/globepm.frstage.ca\/fr\/wp-json\/wp\/v2\/pages"}],"about":[{"href":"https:\/\/globepm.frstage.ca\/fr\/wp-json\/wp\/v2\/types\/page"}],"author":[{"embeddable":true,"href":"https:\/\/globepm.frstage.ca\/fr\/wp-json\/wp\/v2\/users\/1"}],"replies":[{"embeddable":true,"href":"https:\/\/globepm.frstage.ca\/fr\/wp-json\/wp\/v2\/comments?post=12635"}],"version-history":[{"count":1,"href":"https:\/\/globepm.frstage.ca\/fr\/wp-json\/wp\/v2\/pages\/12635\/revisions"}],"predecessor-version":[{"id":12654,"href":"https:\/\/globepm.frstage.ca\/fr\/wp-json\/wp\/v2\/pages\/12635\/revisions\/12654"}],"up":[{"embeddable":true,"href":"https:\/\/globepm.frstage.ca\/fr\/wp-json\/wp\/v2\/pages\/12647"}],"wp:attachment":[{"href":"https:\/\/globepm.frstage.ca\/fr\/wp-json\/wp\/v2\/media?parent=12635"}],"wp:term":[{"taxonomy":"search-type","embeddable":true,"href":"https:\/\/globepm.frstage.ca\/fr\/wp-json\/wp\/v2\/search-type?post=12635"}],"curies":[{"name":"wp","href":"https:\/\/api.w.org\/{rel}","templated":true}]}}