{"id":12639,"date":"2026-02-27T22:07:59","date_gmt":"2026-02-27T22:07:59","guid":{"rendered":"https:\/\/globepm.frstage.ca\/universite-du-manitoba\/"},"modified":"2026-03-13T14:21:56","modified_gmt":"2026-03-13T14:21:56","slug":"universite-du-manitoba","status":"publish","type":"page","link":"https:\/\/globepm.frstage.ca\/fr\/winnipeg-apartments\/universite-du-manitoba\/","title":{"rendered":"Universit\u00e9 du Manitoba"},"content":{"rendered":"","protected":false},"excerpt":{"rendered":"<p>L'Universit\u00e9 du Manitoba est la plus grande et la plus ancienne universit\u00e9 de la province du Manitoba. Elle est situ\u00e9e dans le quartier sud de Fort Garry \u00e0 Winnipeg. Les programmes d'enseignement et de recherche de l'Universit\u00e9 du Manitoba se classent r\u00e9guli\u00e8rement parmi les meilleurs des Prairies canadiennes et accueillent plus de 30 000 \u00e9tudiants. Un appartement proche de l'Universit\u00e9 du Manitoba peut r\u00e9pondre \u00e0 vos besoins, que vous soyez \u00e9tudiant, employ\u00e9 ou que vous aimiez simplement l'id\u00e9e de vivre assez pr\u00e8s de IG Field pour assister \u00e0 tous les matchs des Blue Bomber (sans oublier d'encourager les Bisons).  <\/p>\n","protected":false},"author":1,"featured_media":0,"parent":12647,"menu_order":11,"comment_status":"open","ping_status":"open","template":"","meta":{"_acf_changed":false,"footnotes":""},"search-type":[442],"class_list":["post-12639","page","type-page","status-publish","hentry","search-type-location"],"acf":[],"_links":{"self":[{"href":"https:\/\/globepm.frstage.ca\/fr\/wp-json\/wp\/v2\/pages\/12639","targetHints":{"allow":["GET"]}}],"collection":[{"href":"https:\/\/globepm.frstage.ca\/fr\/wp-json\/wp\/v2\/pages"}],"about":[{"href":"https:\/\/globepm.frstage.ca\/fr\/wp-json\/wp\/v2\/types\/page"}],"author":[{"embeddable":true,"href":"https:\/\/globepm.frstage.ca\/fr\/wp-json\/wp\/v2\/users\/1"}],"replies":[{"embeddable":true,"href":"https:\/\/globepm.frstage.ca\/fr\/wp-json\/wp\/v2\/comments?post=12639"}],"version-history":[{"count":1,"href":"https:\/\/globepm.frstage.ca\/fr\/wp-json\/wp\/v2\/pages\/12639\/revisions"}],"predecessor-version":[{"id":12664,"href":"https:\/\/globepm.frstage.ca\/fr\/wp-json\/wp\/v2\/pages\/12639\/revisions\/12664"}],"up":[{"embeddable":true,"href":"https:\/\/globepm.frstage.ca\/fr\/wp-json\/wp\/v2\/pages\/12647"}],"wp:attachment":[{"href":"https:\/\/globepm.frstage.ca\/fr\/wp-json\/wp\/v2\/media?parent=12639"}],"wp:term":[{"taxonomy":"search-type","embeddable":true,"href":"https:\/\/globepm.frstage.ca\/fr\/wp-json\/wp\/v2\/search-type?post=12639"}],"curies":[{"name":"wp","href":"https:\/\/api.w.org\/{rel}","templated":true}]}}