{"id":12640,"date":"2026-02-27T22:07:59","date_gmt":"2026-02-27T22:07:59","guid":{"rendered":"https:\/\/globepm.frstage.ca\/winnipeg-sud\/"},"modified":"2026-03-13T14:21:55","modified_gmt":"2026-03-13T14:21:55","slug":"winnipeg-sud","status":"publish","type":"page","link":"https:\/\/globepm.frstage.ca\/fr\/winnipeg-apartments\/winnipeg-sud\/","title":{"rendered":"Winnipeg Sud"},"content":{"rendered":"","protected":false},"excerpt":{"rendered":"<p>Winnipeg Sud est l'un des plus grands quartiers de la ville et poss\u00e8de un potentiel \u00e9norme. Le quartier, qui s'\u00e9tend de St. Anne's Road \u00e0 son extr\u00e9mit\u00e9 orientale, compte de nombreux magasins, restaurants et lieux de divertissement. L'Universit\u00e9 du Manitoba est situ\u00e9e \u00e0 proximit\u00e9 ; \u00e9tudiants, ce quartier est fait pour vous ! Les familles trouvent \u00e9galement la r\u00e9gion tr\u00e8s attrayante, car elle offre une ambiance de banlieue \u00e0 la fois paisible et tranquille, tout en \u00e9tant situ\u00e9e \u00e0 quelques p\u00e2t\u00e9s de maisons seulement de toutes les commodit\u00e9s dont vous pourriez avoir besoin.<\/p>\n","protected":false},"author":1,"featured_media":0,"parent":12647,"menu_order":20,"comment_status":"open","ping_status":"open","template":"","meta":{"_acf_changed":false,"footnotes":""},"search-type":[442],"class_list":["post-12640","page","type-page","status-publish","hentry","search-type-location"],"acf":[],"_links":{"self":[{"href":"https:\/\/globepm.frstage.ca\/fr\/wp-json\/wp\/v2\/pages\/12640","targetHints":{"allow":["GET"]}}],"collection":[{"href":"https:\/\/globepm.frstage.ca\/fr\/wp-json\/wp\/v2\/pages"}],"about":[{"href":"https:\/\/globepm.frstage.ca\/fr\/wp-json\/wp\/v2\/types\/page"}],"author":[{"embeddable":true,"href":"https:\/\/globepm.frstage.ca\/fr\/wp-json\/wp\/v2\/users\/1"}],"replies":[{"embeddable":true,"href":"https:\/\/globepm.frstage.ca\/fr\/wp-json\/wp\/v2\/comments?post=12640"}],"version-history":[{"count":1,"href":"https:\/\/globepm.frstage.ca\/fr\/wp-json\/wp\/v2\/pages\/12640\/revisions"}],"predecessor-version":[{"id":12662,"href":"https:\/\/globepm.frstage.ca\/fr\/wp-json\/wp\/v2\/pages\/12640\/revisions\/12662"}],"up":[{"embeddable":true,"href":"https:\/\/globepm.frstage.ca\/fr\/wp-json\/wp\/v2\/pages\/12647"}],"wp:attachment":[{"href":"https:\/\/globepm.frstage.ca\/fr\/wp-json\/wp\/v2\/media?parent=12640"}],"wp:term":[{"taxonomy":"search-type","embeddable":true,"href":"https:\/\/globepm.frstage.ca\/fr\/wp-json\/wp\/v2\/search-type?post=12640"}],"curies":[{"name":"wp","href":"https:\/\/api.w.org\/{rel}","templated":true}]}}