{"id":12641,"date":"2026-02-27T22:07:59","date_gmt":"2026-02-27T22:07:59","guid":{"rendered":"https:\/\/globepm.frstage.ca\/charleswood\/"},"modified":"2026-03-13T14:21:54","modified_gmt":"2026-03-13T14:21:54","slug":"charleswood","status":"publish","type":"page","link":"https:\/\/globepm.frstage.ca\/fr\/winnipeg-apartments\/charleswood\/","title":{"rendered":"Charleswood"},"content":{"rendered":"","protected":false},"excerpt":{"rendered":"<p>Toutes les commodit\u00e9s de la grande ville avec la tranquillit\u00e9 de la vie rurale ? C'est possible dans la belle ville de Charleswood. Situ\u00e9 juste \u00e0 c\u00f4t\u00e9 du parc Assiniboine, il y a beaucoup \u00e0 faire, surtout si vous aimez le plein air. Allez voir les ours polaires au zoo, marchez sur le sentier Harte, visitez votre dentiste \u00e0 Charleswood et arr\u00eatez-vous pour manger chez Sorrento. Vous pouvez appr\u00e9cier toute la beaut\u00e9 naturelle que les prairies ont \u00e0 offrir dans ce quartier magnifique et tranquille \u00e0 l'extr\u00e9mit\u00e9 ouest de Winnipeg.    <\/p>\n","protected":false},"author":1,"featured_media":0,"parent":12647,"menu_order":21,"comment_status":"open","ping_status":"open","template":"","meta":{"_acf_changed":false,"footnotes":""},"search-type":[442],"class_list":["post-12641","page","type-page","status-publish","hentry","search-type-location"],"acf":[],"_links":{"self":[{"href":"https:\/\/globepm.frstage.ca\/fr\/wp-json\/wp\/v2\/pages\/12641","targetHints":{"allow":["GET"]}}],"collection":[{"href":"https:\/\/globepm.frstage.ca\/fr\/wp-json\/wp\/v2\/pages"}],"about":[{"href":"https:\/\/globepm.frstage.ca\/fr\/wp-json\/wp\/v2\/types\/page"}],"author":[{"embeddable":true,"href":"https:\/\/globepm.frstage.ca\/fr\/wp-json\/wp\/v2\/users\/1"}],"replies":[{"embeddable":true,"href":"https:\/\/globepm.frstage.ca\/fr\/wp-json\/wp\/v2\/comments?post=12641"}],"version-history":[{"count":1,"href":"https:\/\/globepm.frstage.ca\/fr\/wp-json\/wp\/v2\/pages\/12641\/revisions"}],"predecessor-version":[{"id":12661,"href":"https:\/\/globepm.frstage.ca\/fr\/wp-json\/wp\/v2\/pages\/12641\/revisions\/12661"}],"up":[{"embeddable":true,"href":"https:\/\/globepm.frstage.ca\/fr\/wp-json\/wp\/v2\/pages\/12647"}],"wp:attachment":[{"href":"https:\/\/globepm.frstage.ca\/fr\/wp-json\/wp\/v2\/media?parent=12641"}],"wp:term":[{"taxonomy":"search-type","embeddable":true,"href":"https:\/\/globepm.frstage.ca\/fr\/wp-json\/wp\/v2\/search-type?post=12641"}],"curies":[{"name":"wp","href":"https:\/\/api.w.org\/{rel}","templated":true}]}}