{"id":12642,"date":"2026-02-27T22:07:59","date_gmt":"2026-02-27T22:07:59","guid":{"rendered":"https:\/\/globepm.frstage.ca\/st-james\/"},"modified":"2026-03-13T14:21:53","modified_gmt":"2026-03-13T14:21:53","slug":"st-james","status":"publish","type":"page","link":"https:\/\/globepm.frstage.ca\/fr\/winnipeg-apartments\/st-james\/","title":{"rendered":"St. James"},"content":{"rendered":"","protected":false},"excerpt":{"rendered":"<p>Qu'il s'agisse de ses magnifiques maisons historiques ou de sa zone commerciale anim\u00e9e, ce quartier dynamique est en constante activit\u00e9. Le parc St. James et le parc Assiniboine ne sont que deux des beaux parcs du quartier qui offrent beaucoup d'espace pour les activit\u00e9s de plein air. Que vous soyez \u00e0 la recherche d'une bouch\u00e9e, d'une s\u00e9ance de magasinage au parc Polo ou simplement d'un peu de tranquillit\u00e9, St-James est l'endroit tout indiqu\u00e9 ! Gr\u00e2ce \u00e0 son environnement anim\u00e9 et \u00e0 son histoire fascinante, le quartier est tr\u00e8s appr\u00e9ci\u00e9 des r\u00e9sidents et des visiteurs. Si vous \u00eates \u00e0 la recherche d'une belle location \u00e0 Winnipeg, St. James vaut sans aucun doute le d\u00e9tour.    <\/p>\n","protected":false},"author":1,"featured_media":0,"parent":12647,"menu_order":27,"comment_status":"closed","ping_status":"closed","template":"","meta":{"_acf_changed":false,"footnotes":""},"search-type":[442],"class_list":["post-12642","page","type-page","status-publish","hentry","search-type-location"],"acf":[],"_links":{"self":[{"href":"https:\/\/globepm.frstage.ca\/fr\/wp-json\/wp\/v2\/pages\/12642","targetHints":{"allow":["GET"]}}],"collection":[{"href":"https:\/\/globepm.frstage.ca\/fr\/wp-json\/wp\/v2\/pages"}],"about":[{"href":"https:\/\/globepm.frstage.ca\/fr\/wp-json\/wp\/v2\/types\/page"}],"author":[{"embeddable":true,"href":"https:\/\/globepm.frstage.ca\/fr\/wp-json\/wp\/v2\/users\/1"}],"replies":[{"embeddable":true,"href":"https:\/\/globepm.frstage.ca\/fr\/wp-json\/wp\/v2\/comments?post=12642"}],"version-history":[{"count":1,"href":"https:\/\/globepm.frstage.ca\/fr\/wp-json\/wp\/v2\/pages\/12642\/revisions"}],"predecessor-version":[{"id":12660,"href":"https:\/\/globepm.frstage.ca\/fr\/wp-json\/wp\/v2\/pages\/12642\/revisions\/12660"}],"up":[{"embeddable":true,"href":"https:\/\/globepm.frstage.ca\/fr\/wp-json\/wp\/v2\/pages\/12647"}],"wp:attachment":[{"href":"https:\/\/globepm.frstage.ca\/fr\/wp-json\/wp\/v2\/media?parent=12642"}],"wp:term":[{"taxonomy":"search-type","embeddable":true,"href":"https:\/\/globepm.frstage.ca\/fr\/wp-json\/wp\/v2\/search-type?post=12642"}],"curies":[{"name":"wp","href":"https:\/\/api.w.org\/{rel}","templated":true}]}}