{"id":12643,"date":"2026-02-27T22:07:59","date_gmt":"2026-02-27T22:07:59","guid":{"rendered":"https:\/\/globepm.frstage.ca\/river-heights\/"},"modified":"2026-03-13T14:21:55","modified_gmt":"2026-03-13T14:21:55","slug":"river-heights","status":"publish","type":"page","link":"https:\/\/globepm.frstage.ca\/fr\/winnipeg-apartments\/river-heights\/","title":{"rendered":"River Heights"},"content":{"rendered":"","protected":false},"excerpt":{"rendered":"<p>River Heights, l'un des quartiers les plus int\u00e9ressants de Winnipeg, offre un acc\u00e8s facile \u00e0 certains des magasins et restaurants les plus int\u00e9ressants de la ville. Rendez-vous \u00e0 Academy pour d\u00e9guster un plat savoureux \u00e0 la Pizzeria Gusto ou fl\u00e2nez au Grant Park Mall pour acheter un livre chez McNally Robinson, le favori local. Certaines des meilleures \u00e9coles et installations r\u00e9cr\u00e9atives de Winnipeg se trouvent dans le quartier ; c'est un endroit id\u00e9al pour \u00e9lever une famille !  <\/p>\n","protected":false},"author":1,"featured_media":0,"parent":12647,"menu_order":19,"comment_status":"open","ping_status":"open","template":"","meta":{"_acf_changed":false,"footnotes":""},"search-type":[442],"class_list":["post-12643","page","type-page","status-publish","hentry","search-type-location"],"acf":[],"_links":{"self":[{"href":"https:\/\/globepm.frstage.ca\/fr\/wp-json\/wp\/v2\/pages\/12643","targetHints":{"allow":["GET"]}}],"collection":[{"href":"https:\/\/globepm.frstage.ca\/fr\/wp-json\/wp\/v2\/pages"}],"about":[{"href":"https:\/\/globepm.frstage.ca\/fr\/wp-json\/wp\/v2\/types\/page"}],"author":[{"embeddable":true,"href":"https:\/\/globepm.frstage.ca\/fr\/wp-json\/wp\/v2\/users\/1"}],"replies":[{"embeddable":true,"href":"https:\/\/globepm.frstage.ca\/fr\/wp-json\/wp\/v2\/comments?post=12643"}],"version-history":[{"count":1,"href":"https:\/\/globepm.frstage.ca\/fr\/wp-json\/wp\/v2\/pages\/12643\/revisions"}],"predecessor-version":[{"id":12663,"href":"https:\/\/globepm.frstage.ca\/fr\/wp-json\/wp\/v2\/pages\/12643\/revisions\/12663"}],"up":[{"embeddable":true,"href":"https:\/\/globepm.frstage.ca\/fr\/wp-json\/wp\/v2\/pages\/12647"}],"wp:attachment":[{"href":"https:\/\/globepm.frstage.ca\/fr\/wp-json\/wp\/v2\/media?parent=12643"}],"wp:term":[{"taxonomy":"search-type","embeddable":true,"href":"https:\/\/globepm.frstage.ca\/fr\/wp-json\/wp\/v2\/search-type?post=12643"}],"curies":[{"name":"wp","href":"https:\/\/api.w.org\/{rel}","templated":true}]}}