{"id":12677,"date":"2026-02-27T22:07:59","date_gmt":"2026-02-27T22:07:59","guid":{"rendered":"https:\/\/globepm.frstage.ca\/winnipeg-apartments\/fort-richmond\/"},"modified":"2026-02-27T22:07:59","modified_gmt":"2026-02-27T22:07:59","slug":"fort-richmond","status":"publish","type":"page","link":"https:\/\/globepm.frstage.ca\/fr\/winnipeg-apartments\/fort-richmond\/","title":{"rendered":"Fort Richmond"},"content":{"rendered":"","protected":false},"excerpt":{"rendered":"<p>Situ\u00e9 au sud de l'Universit\u00e9 du Manitoba, entre la rivi\u00e8re Rouge et l'autoroute Pembina, le quartier Fort Richmond de Winnipeg est calme, vert et prot\u00e9g\u00e9. Constitu\u00e9 en grande partie de maisons individuelles, il n'est pas toujours facile de trouver une location dans ce quartier. Cependant, avec de nombreuses attractions \u00e0 proximit\u00e9, Fort Richmond est une communaut\u00e9 id\u00e9ale pour les \u00e9tudiants, les familles et les adultes plus \u00e2g\u00e9s.  <\/p>\n","protected":false},"author":1,"featured_media":0,"parent":12647,"menu_order":18,"comment_status":"open","ping_status":"open","template":"","meta":{"_acf_changed":false,"footnotes":""},"search-type":[442],"class_list":["post-12677","page","type-page","status-publish","hentry","search-type-location"],"acf":[],"_links":{"self":[{"href":"https:\/\/globepm.frstage.ca\/fr\/wp-json\/wp\/v2\/pages\/12677","targetHints":{"allow":["GET"]}}],"collection":[{"href":"https:\/\/globepm.frstage.ca\/fr\/wp-json\/wp\/v2\/pages"}],"about":[{"href":"https:\/\/globepm.frstage.ca\/fr\/wp-json\/wp\/v2\/types\/page"}],"author":[{"embeddable":true,"href":"https:\/\/globepm.frstage.ca\/fr\/wp-json\/wp\/v2\/users\/1"}],"replies":[{"embeddable":true,"href":"https:\/\/globepm.frstage.ca\/fr\/wp-json\/wp\/v2\/comments?post=12677"}],"version-history":[{"count":0,"href":"https:\/\/globepm.frstage.ca\/fr\/wp-json\/wp\/v2\/pages\/12677\/revisions"}],"up":[{"embeddable":true,"href":"https:\/\/globepm.frstage.ca\/fr\/wp-json\/wp\/v2\/pages\/12647"}],"wp:attachment":[{"href":"https:\/\/globepm.frstage.ca\/fr\/wp-json\/wp\/v2\/media?parent=12677"}],"wp:term":[{"taxonomy":"search-type","embeddable":true,"href":"https:\/\/globepm.frstage.ca\/fr\/wp-json\/wp\/v2\/search-type?post=12677"}],"curies":[{"name":"wp","href":"https:\/\/api.w.org\/{rel}","templated":true}]}}