{"id":12678,"date":"2026-02-27T22:07:59","date_gmt":"2026-02-27T22:07:59","guid":{"rendered":"https:\/\/globepm.frstage.ca\/winnipeg-apartments\/fort-garry\/"},"modified":"2026-02-27T22:07:59","modified_gmt":"2026-02-27T22:07:59","slug":"fort-garry","status":"publish","type":"page","link":"https:\/\/globepm.frstage.ca\/fr\/winnipeg-apartments\/fort-garry\/","title":{"rendered":"Fort Garry"},"content":{"rendered":"","protected":false},"excerpt":{"rendered":"<p>Situ\u00e9 dans le sud de Winnipeg, le quartier pittoresque de Fort Garry est un m\u00e9lange charmant de parcs le long de la rivi\u00e8re, de restaurants branch\u00e9s, de zones r\u00e9sidentielles bien \u00e9tablies et de sites municipaux tels que le campus phare de l'Universit\u00e9 du Manitoba, l'h\u00f4pital g\u00e9n\u00e9ral Victoria et IG Field (domicile des Winnipeg Blue Bombers).<\/p>\n","protected":false},"author":1,"featured_media":0,"parent":12647,"menu_order":17,"comment_status":"open","ping_status":"open","template":"","meta":{"_acf_changed":false,"footnotes":""},"search-type":[442],"class_list":["post-12678","page","type-page","status-publish","hentry","search-type-location"],"acf":[],"_links":{"self":[{"href":"https:\/\/globepm.frstage.ca\/fr\/wp-json\/wp\/v2\/pages\/12678","targetHints":{"allow":["GET"]}}],"collection":[{"href":"https:\/\/globepm.frstage.ca\/fr\/wp-json\/wp\/v2\/pages"}],"about":[{"href":"https:\/\/globepm.frstage.ca\/fr\/wp-json\/wp\/v2\/types\/page"}],"author":[{"embeddable":true,"href":"https:\/\/globepm.frstage.ca\/fr\/wp-json\/wp\/v2\/users\/1"}],"replies":[{"embeddable":true,"href":"https:\/\/globepm.frstage.ca\/fr\/wp-json\/wp\/v2\/comments?post=12678"}],"version-history":[{"count":0,"href":"https:\/\/globepm.frstage.ca\/fr\/wp-json\/wp\/v2\/pages\/12678\/revisions"}],"up":[{"embeddable":true,"href":"https:\/\/globepm.frstage.ca\/fr\/wp-json\/wp\/v2\/pages\/12647"}],"wp:attachment":[{"href":"https:\/\/globepm.frstage.ca\/fr\/wp-json\/wp\/v2\/media?parent=12678"}],"wp:term":[{"taxonomy":"search-type","embeddable":true,"href":"https:\/\/globepm.frstage.ca\/fr\/wp-json\/wp\/v2\/search-type?post=12678"}],"curies":[{"name":"wp","href":"https:\/\/api.w.org\/{rel}","templated":true}]}}