{"id":12679,"date":"2026-02-27T22:07:59","date_gmt":"2026-02-27T22:07:59","guid":{"rendered":"https:\/\/globepm.frstage.ca\/winnipeg-apartments\/west-kildonan\/"},"modified":"2026-02-27T22:07:59","modified_gmt":"2026-02-27T22:07:59","slug":"west-kildonan","status":"publish","type":"page","link":"https:\/\/globepm.frstage.ca\/fr\/winnipeg-apartments\/west-kildonan\/","title":{"rendered":"West Kildonan"},"content":{"rendered":"","protected":false},"excerpt":{"rendered":"<p>Le quartier West Kildonan de Winnipeg est situ\u00e9 \u00e0 l'ouest de la rivi\u00e8re Rouge, dans le centre-nord de la ville. \u00c9galement connu sous le nom de Garden City, il s'agit d'une banlieue bien \u00e9tablie qui, entre 1961 et 1972, \u00e9tait consid\u00e9r\u00e9e comme une ville \u00e0 part enti\u00e8re - la ville de West Kildonan. Si vous \u00eates \u00e0 la recherche d'un quartier facile d'acc\u00e8s au centre-ville, dot\u00e9 d'un grand nombre de parcs et d'\u00e9coles et d'une communaut\u00e9 multiculturelle, West Kildonan pourrait vous convenir parfaitement.  <\/p>\n","protected":false},"author":1,"featured_media":0,"parent":12647,"menu_order":12,"comment_status":"open","ping_status":"open","template":"","meta":{"_acf_changed":false,"footnotes":""},"search-type":[442],"class_list":["post-12679","page","type-page","status-publish","hentry","search-type-location"],"acf":[],"_links":{"self":[{"href":"https:\/\/globepm.frstage.ca\/fr\/wp-json\/wp\/v2\/pages\/12679","targetHints":{"allow":["GET"]}}],"collection":[{"href":"https:\/\/globepm.frstage.ca\/fr\/wp-json\/wp\/v2\/pages"}],"about":[{"href":"https:\/\/globepm.frstage.ca\/fr\/wp-json\/wp\/v2\/types\/page"}],"author":[{"embeddable":true,"href":"https:\/\/globepm.frstage.ca\/fr\/wp-json\/wp\/v2\/users\/1"}],"replies":[{"embeddable":true,"href":"https:\/\/globepm.frstage.ca\/fr\/wp-json\/wp\/v2\/comments?post=12679"}],"version-history":[{"count":0,"href":"https:\/\/globepm.frstage.ca\/fr\/wp-json\/wp\/v2\/pages\/12679\/revisions"}],"up":[{"embeddable":true,"href":"https:\/\/globepm.frstage.ca\/fr\/wp-json\/wp\/v2\/pages\/12647"}],"wp:attachment":[{"href":"https:\/\/globepm.frstage.ca\/fr\/wp-json\/wp\/v2\/media?parent=12679"}],"wp:term":[{"taxonomy":"search-type","embeddable":true,"href":"https:\/\/globepm.frstage.ca\/fr\/wp-json\/wp\/v2\/search-type?post=12679"}],"curies":[{"name":"wp","href":"https:\/\/api.w.org\/{rel}","templated":true}]}}