{"id":12681,"date":"2026-02-27T22:07:59","date_gmt":"2026-02-27T22:07:59","guid":{"rendered":"https:\/\/globepm.frstage.ca\/winnipeg-apartments\/richmond-west\/"},"modified":"2026-02-27T22:07:59","modified_gmt":"2026-02-27T22:07:59","slug":"richmond-west","status":"publish","type":"page","link":"https:\/\/globepm.frstage.ca\/fr\/winnipeg-apartments\/richmond-west\/","title":{"rendered":"Richmond West"},"content":{"rendered":"","protected":false},"excerpt":{"rendered":"<p>Situ\u00e9e \u00e0 l'extr\u00e9mit\u00e9 sud de Winnipeg, la banlieue de Richmond West se trouve \u00e0 l'extr\u00e9mit\u00e9 sud de la ville. Nich\u00e9 entre Waverley West et Fort Richmond, ce quartier a commenc\u00e9 \u00e0 se d\u00e9velopper dans les ann\u00e9es 1980 et 1990 et a continu\u00e9 \u00e0 le faire jusqu'\u00e0 aujourd'hui. Si vous cherchez un quartier plus r\u00e9cent \u00e0 proximit\u00e9 des commodit\u00e9s de l'autoroute Pembina, Richmond West offre une vie r\u00e9sidentielle tranquille pour les personnes de tous \u00e2ges.  <\/p>\n","protected":false},"author":1,"featured_media":0,"parent":12647,"menu_order":15,"comment_status":"open","ping_status":"open","template":"","meta":{"_acf_changed":false,"footnotes":""},"search-type":[442],"class_list":["post-12681","page","type-page","status-publish","hentry","search-type-location"],"acf":[],"_links":{"self":[{"href":"https:\/\/globepm.frstage.ca\/fr\/wp-json\/wp\/v2\/pages\/12681","targetHints":{"allow":["GET"]}}],"collection":[{"href":"https:\/\/globepm.frstage.ca\/fr\/wp-json\/wp\/v2\/pages"}],"about":[{"href":"https:\/\/globepm.frstage.ca\/fr\/wp-json\/wp\/v2\/types\/page"}],"author":[{"embeddable":true,"href":"https:\/\/globepm.frstage.ca\/fr\/wp-json\/wp\/v2\/users\/1"}],"replies":[{"embeddable":true,"href":"https:\/\/globepm.frstage.ca\/fr\/wp-json\/wp\/v2\/comments?post=12681"}],"version-history":[{"count":0,"href":"https:\/\/globepm.frstage.ca\/fr\/wp-json\/wp\/v2\/pages\/12681\/revisions"}],"up":[{"embeddable":true,"href":"https:\/\/globepm.frstage.ca\/fr\/wp-json\/wp\/v2\/pages\/12647"}],"wp:attachment":[{"href":"https:\/\/globepm.frstage.ca\/fr\/wp-json\/wp\/v2\/media?parent=12681"}],"wp:term":[{"taxonomy":"search-type","embeddable":true,"href":"https:\/\/globepm.frstage.ca\/fr\/wp-json\/wp\/v2\/search-type?post=12681"}],"curies":[{"name":"wp","href":"https:\/\/api.w.org\/{rel}","templated":true}]}}