{"id":12682,"date":"2026-02-27T22:07:59","date_gmt":"2026-02-27T22:07:59","guid":{"rendered":"https:\/\/globepm.frstage.ca\/winnipeg-apartments\/elmwood\/"},"modified":"2026-02-27T22:07:59","modified_gmt":"2026-02-27T22:07:59","slug":"elmwood","status":"publish","type":"page","link":"https:\/\/globepm.frstage.ca\/fr\/winnipeg-apartments\/elmwood\/","title":{"rendered":"Elmwood"},"content":{"rendered":"","protected":false},"excerpt":{"rendered":"<p>Situ\u00e9 dans la partie nord de Winnipeg, \u00e0 l'est de la rivi\u00e8re Rouge, se trouve le quartier d'Elmwood. Bord\u00e9 par East Kildonan et North Kildonan, respectivement, il s'agit d'une communaut\u00e9 diversifi\u00e9e et accessible \u00e0 pied, \u00e0 proximit\u00e9 du centre-ville. Pour en savoir plus sur les locations d'appartements \u00e0 Elmwood propos\u00e9es par Globe Property Management, consultez les rubriques ci-dessous.  <\/p>\n","protected":false},"author":1,"featured_media":0,"parent":12647,"menu_order":14,"comment_status":"open","ping_status":"open","template":"","meta":{"_acf_changed":false,"footnotes":""},"search-type":[442],"class_list":["post-12682","page","type-page","status-publish","hentry","search-type-location"],"acf":[],"_links":{"self":[{"href":"https:\/\/globepm.frstage.ca\/fr\/wp-json\/wp\/v2\/pages\/12682","targetHints":{"allow":["GET"]}}],"collection":[{"href":"https:\/\/globepm.frstage.ca\/fr\/wp-json\/wp\/v2\/pages"}],"about":[{"href":"https:\/\/globepm.frstage.ca\/fr\/wp-json\/wp\/v2\/types\/page"}],"author":[{"embeddable":true,"href":"https:\/\/globepm.frstage.ca\/fr\/wp-json\/wp\/v2\/users\/1"}],"replies":[{"embeddable":true,"href":"https:\/\/globepm.frstage.ca\/fr\/wp-json\/wp\/v2\/comments?post=12682"}],"version-history":[{"count":0,"href":"https:\/\/globepm.frstage.ca\/fr\/wp-json\/wp\/v2\/pages\/12682\/revisions"}],"up":[{"embeddable":true,"href":"https:\/\/globepm.frstage.ca\/fr\/wp-json\/wp\/v2\/pages\/12647"}],"wp:attachment":[{"href":"https:\/\/globepm.frstage.ca\/fr\/wp-json\/wp\/v2\/media?parent=12682"}],"wp:term":[{"taxonomy":"search-type","embeddable":true,"href":"https:\/\/globepm.frstage.ca\/fr\/wp-json\/wp\/v2\/search-type?post=12682"}],"curies":[{"name":"wp","href":"https:\/\/api.w.org\/{rel}","templated":true}]}}