{"id":12683,"date":"2026-02-27T22:07:59","date_gmt":"2026-02-27T22:07:59","guid":{"rendered":"https:\/\/globepm.frstage.ca\/winnipeg-apartments\/kildonan-est\/"},"modified":"2026-02-27T22:07:59","modified_gmt":"2026-02-27T22:07:59","slug":"kildonan-est","status":"publish","type":"page","link":"https:\/\/globepm.frstage.ca\/fr\/winnipeg-apartments\/kildonan-est\/","title":{"rendered":"Kildonan Est"},"content":{"rendered":"","protected":false},"excerpt":{"rendered":"<p>Situ\u00e9 juste au sud de North Kildonan, sur la rive est de la rivi\u00e8re Rouge, le quartier d'East Kildonan se trouve dans le centre-nord. Riche en histoire locale, cette zone \u00e9tait autrefois sa propre ville, officiellement fusionn\u00e9e avec Winnipeg en 1972. Les plus petites communaut\u00e9s d'East Kildonan comprennent Fraser's Grove, Rossmere, Morse Place et Munroe. Du parc Kildonan au Rossmere Golf &amp; Country Club, en passant par le Harbourview Park &amp; Recreation Complex et Kildonan Place, il y a beaucoup \u00e0 faire en toute saison. Faites comme chez vous dans le charme local de Kildonan Est !      <\/p>\n","protected":false},"author":1,"featured_media":0,"parent":12647,"menu_order":13,"comment_status":"open","ping_status":"open","template":"","meta":{"_acf_changed":false,"footnotes":""},"search-type":[442],"class_list":["post-12683","page","type-page","status-publish","hentry","search-type-location"],"acf":[],"_links":{"self":[{"href":"https:\/\/globepm.frstage.ca\/fr\/wp-json\/wp\/v2\/pages\/12683","targetHints":{"allow":["GET"]}}],"collection":[{"href":"https:\/\/globepm.frstage.ca\/fr\/wp-json\/wp\/v2\/pages"}],"about":[{"href":"https:\/\/globepm.frstage.ca\/fr\/wp-json\/wp\/v2\/types\/page"}],"author":[{"embeddable":true,"href":"https:\/\/globepm.frstage.ca\/fr\/wp-json\/wp\/v2\/users\/1"}],"replies":[{"embeddable":true,"href":"https:\/\/globepm.frstage.ca\/fr\/wp-json\/wp\/v2\/comments?post=12683"}],"version-history":[{"count":0,"href":"https:\/\/globepm.frstage.ca\/fr\/wp-json\/wp\/v2\/pages\/12683\/revisions"}],"up":[{"embeddable":true,"href":"https:\/\/globepm.frstage.ca\/fr\/wp-json\/wp\/v2\/pages\/12647"}],"wp:attachment":[{"href":"https:\/\/globepm.frstage.ca\/fr\/wp-json\/wp\/v2\/media?parent=12683"}],"wp:term":[{"taxonomy":"search-type","embeddable":true,"href":"https:\/\/globepm.frstage.ca\/fr\/wp-json\/wp\/v2\/search-type?post=12683"}],"curies":[{"name":"wp","href":"https:\/\/api.w.org\/{rel}","templated":true}]}}